{"id":483,"date":"2024-06-17T10:17:34","date_gmt":"2024-06-17T08:17:34","guid":{"rendered":"https:\/\/www.creasylvie.fr\/?post_type=product&#038;p=483"},"modified":"2024-06-17T10:17:35","modified_gmt":"2024-06-17T08:17:35","slug":"tire-bouchon-personnalise","status":"publish","type":"product","link":"https:\/\/www.creasylvie.fr\/index.php\/produit\/tire-bouchon-personnalise\/","title":{"rendered":"Tire bouchon personnalis\u00e9"},"content":{"rendered":"<p>Tire bouchon en bois personnalis\u00e9 selon vos go\u00fbt<br \/>\nmettre une phrase ou un motif, choisir une couleur ou ajout\u00e9 des fleurs selon vos d\u00e9sires<br \/>\nmesure 18 cm de haut et 10 cm de large<br \/>\nLe mod\u00e8le est une commande sp\u00e9ciale<\/p>\n","protected":false},"excerpt":{"rendered":"<p>Tire bouchon en bois personnalis\u00e9 selon vos go\u00fbt mettre une phrase ou un motif, choisir une couleur ou ajout\u00e9 des fleurs selon vos d\u00e9sires mesure 18 cm de haut et 10 cm de large Le mod\u00e8le est une commande sp\u00e9ciale<\/p>\n","protected":false},"featured_media":484,"comment_status":"open","ping_status":"closed","template":"","meta":[],"product_cat":[32],"product_tag":[],"class_list":{"0":"post-483","1":"product","2":"type-product","3":"status-publish","4":"has-post-thumbnail","6":"product_cat-ete","8":"entry","9":"has-media","11":"first","12":"instock","13":"shipping-taxable","14":"purchasable","15":"product-type-simple","16":"has-product-nav","17":"col","18":"span_1_of_3","19":"owp-content-center","20":"owp-thumbs-layout-horizontal","21":"owp-btn-normal","22":"owp-tabs-layout-horizontal"},"jetpack_sharing_enabled":true,"_links":{"self":[{"href":"https:\/\/www.creasylvie.fr\/index.php\/wp-json\/wp\/v2\/product\/483","targetHints":{"allow":["GET"]}}],"collection":[{"href":"https:\/\/www.creasylvie.fr\/index.php\/wp-json\/wp\/v2\/product"}],"about":[{"href":"https:\/\/www.creasylvie.fr\/index.php\/wp-json\/wp\/v2\/types\/product"}],"replies":[{"embeddable":true,"href":"https:\/\/www.creasylvie.fr\/index.php\/wp-json\/wp\/v2\/comments?post=483"}],"wp:featuredmedia":[{"embeddable":true,"href":"https:\/\/www.creasylvie.fr\/index.php\/wp-json\/wp\/v2\/media\/484"}],"wp:attachment":[{"href":"https:\/\/www.creasylvie.fr\/index.php\/wp-json\/wp\/v2\/media?parent=483"}],"wp:term":[{"taxonomy":"product_cat","embeddable":true,"href":"https:\/\/www.creasylvie.fr\/index.php\/wp-json\/wp\/v2\/product_cat?post=483"},{"taxonomy":"product_tag","embeddable":true,"href":"https:\/\/www.creasylvie.fr\/index.php\/wp-json\/wp\/v2\/product_tag?post=483"}],"curies":[{"name":"wp","href":"https:\/\/api.w.org\/{rel}","templated":true}]}}