{"id":470,"date":"2024-05-01T14:46:24","date_gmt":"2024-05-01T12:46:24","guid":{"rendered":"https:\/\/www.creasylvie.fr\/?post_type=product&#038;p=470"},"modified":"2024-05-01T14:46:25","modified_gmt":"2024-05-01T12:46:25","slug":"floraisons","status":"publish","type":"product","link":"https:\/\/www.creasylvie.fr\/index.php\/produit\/floraisons\/","title":{"rendered":"Floraisons"},"content":{"rendered":"<p>Boule en coton \u00e0 broder blanc<br \/>\nFleurs de printemps selon vos go\u00fbt<br \/>\nouvert devant pouvant mettre une petite lumi\u00e8re \u00e0 l&#8217;int\u00e9rieur<br \/>\nMesure 14 cm de diam\u00e8tre<\/p>\n","protected":false},"excerpt":{"rendered":"<p>Boule en coton \u00e0 broder blanc Fleurs de printemps selon vos go\u00fbt ouvert devant pouvant mettre une petite lumi\u00e8re \u00e0 l&#8217;int\u00e9rieur Mesure 14 cm de diam\u00e8tre<\/p>\n","protected":false},"featured_media":471,"comment_status":"open","ping_status":"closed","template":"","meta":[],"product_cat":[31],"product_tag":[],"class_list":{"0":"post-470","1":"product","2":"type-product","3":"status-publish","4":"has-post-thumbnail","6":"product_cat-champetre","8":"entry","9":"has-media","11":"first","12":"instock","13":"shipping-taxable","14":"purchasable","15":"product-type-simple","16":"has-product-nav","17":"col","18":"span_1_of_3","19":"owp-content-center","20":"owp-thumbs-layout-horizontal","21":"owp-btn-normal","22":"owp-tabs-layout-horizontal"},"jetpack_sharing_enabled":true,"_links":{"self":[{"href":"https:\/\/www.creasylvie.fr\/index.php\/wp-json\/wp\/v2\/product\/470","targetHints":{"allow":["GET"]}}],"collection":[{"href":"https:\/\/www.creasylvie.fr\/index.php\/wp-json\/wp\/v2\/product"}],"about":[{"href":"https:\/\/www.creasylvie.fr\/index.php\/wp-json\/wp\/v2\/types\/product"}],"replies":[{"embeddable":true,"href":"https:\/\/www.creasylvie.fr\/index.php\/wp-json\/wp\/v2\/comments?post=470"}],"wp:featuredmedia":[{"embeddable":true,"href":"https:\/\/www.creasylvie.fr\/index.php\/wp-json\/wp\/v2\/media\/471"}],"wp:attachment":[{"href":"https:\/\/www.creasylvie.fr\/index.php\/wp-json\/wp\/v2\/media?parent=470"}],"wp:term":[{"taxonomy":"product_cat","embeddable":true,"href":"https:\/\/www.creasylvie.fr\/index.php\/wp-json\/wp\/v2\/product_cat?post=470"},{"taxonomy":"product_tag","embeddable":true,"href":"https:\/\/www.creasylvie.fr\/index.php\/wp-json\/wp\/v2\/product_tag?post=470"}],"curies":[{"name":"wp","href":"https:\/\/api.w.org\/{rel}","templated":true}]}}