{"id":468,"date":"2024-05-01T14:39:17","date_gmt":"2024-05-01T12:39:17","guid":{"rendered":"https:\/\/www.creasylvie.fr\/?post_type=product&#038;p=468"},"modified":"2024-05-01T14:39:17","modified_gmt":"2024-05-01T12:39:17","slug":"coeur-des-maman","status":"publish","type":"product","link":"https:\/\/www.creasylvie.fr\/index.php\/produit\/coeur-des-maman\/","title":{"rendered":"C\u0153ur des maman"},"content":{"rendered":"<p>C\u0153ur en fil rouge<br \/>\nsur support en bois, fleurs rose et blanche et plumes blanche<br \/>\nmaman \u00e9crit en fil argent\u00e9<br \/>\nMesure: 15 cm x 20 cm<\/p>\n","protected":false},"excerpt":{"rendered":"<p>C\u0153ur en fil rouge sur support en bois, fleurs rose et blanche et plumes blanche maman \u00e9crit en fil argent\u00e9 Mesure: 15 cm x 20 cm<\/p>\n","protected":false},"featured_media":469,"comment_status":"open","ping_status":"closed","template":"","meta":[],"product_cat":[34],"product_tag":[],"class_list":{"0":"post-468","1":"product","2":"type-product","3":"status-publish","4":"has-post-thumbnail","6":"product_cat-fete-des-maman","8":"entry","9":"has-media","11":"first","12":"instock","13":"shipping-taxable","14":"purchasable","15":"product-type-simple","16":"has-product-nav","17":"col","18":"span_1_of_3","19":"owp-content-center","20":"owp-thumbs-layout-horizontal","21":"owp-btn-normal","22":"owp-tabs-layout-horizontal"},"jetpack_sharing_enabled":true,"_links":{"self":[{"href":"https:\/\/www.creasylvie.fr\/index.php\/wp-json\/wp\/v2\/product\/468","targetHints":{"allow":["GET"]}}],"collection":[{"href":"https:\/\/www.creasylvie.fr\/index.php\/wp-json\/wp\/v2\/product"}],"about":[{"href":"https:\/\/www.creasylvie.fr\/index.php\/wp-json\/wp\/v2\/types\/product"}],"replies":[{"embeddable":true,"href":"https:\/\/www.creasylvie.fr\/index.php\/wp-json\/wp\/v2\/comments?post=468"}],"wp:featuredmedia":[{"embeddable":true,"href":"https:\/\/www.creasylvie.fr\/index.php\/wp-json\/wp\/v2\/media\/469"}],"wp:attachment":[{"href":"https:\/\/www.creasylvie.fr\/index.php\/wp-json\/wp\/v2\/media?parent=468"}],"wp:term":[{"taxonomy":"product_cat","embeddable":true,"href":"https:\/\/www.creasylvie.fr\/index.php\/wp-json\/wp\/v2\/product_cat?post=468"},{"taxonomy":"product_tag","embeddable":true,"href":"https:\/\/www.creasylvie.fr\/index.php\/wp-json\/wp\/v2\/product_tag?post=468"}],"curies":[{"name":"wp","href":"https:\/\/api.w.org\/{rel}","templated":true}]}}