{"id":466,"date":"2024-05-01T14:29:40","date_gmt":"2024-05-01T12:29:40","guid":{"rendered":"https:\/\/www.creasylvie.fr\/?post_type=product&#038;p=466"},"modified":"2024-05-01T14:47:41","modified_gmt":"2024-05-01T12:47:41","slug":"466","status":"publish","type":"product","link":"https:\/\/www.creasylvie.fr\/index.php\/produit\/466\/","title":{"rendered":"C\u0153ur pour Maman"},"content":{"rendered":"<p>Petit cadeau pour la F\u00eate des maman<br \/>\nC\u0153ur rouge en fil avec des jolies petites fleurs pos\u00e9 sur un support en bois<br \/>\nMaman \u00e9crit en fil gris<br \/>\n15 cm de haut par 20 cm de largeur<\/p>\n","protected":false},"excerpt":{"rendered":"<p>Petit cadeau pour la F\u00eate des maman C\u0153ur rouge en fil avec des jolies petites fleurs pos\u00e9 sur un support en bois Maman \u00e9crit en fil gris 15 cm de haut par 20 cm de largeur<\/p>\n","protected":false},"featured_media":467,"comment_status":"open","ping_status":"closed","template":"","meta":[],"product_cat":[34],"product_tag":[],"class_list":{"0":"post-466","1":"product","2":"type-product","3":"status-publish","4":"has-post-thumbnail","6":"product_cat-fete-des-maman","8":"entry","9":"has-media","11":"first","12":"instock","13":"shipping-taxable","14":"purchasable","15":"product-type-simple","16":"has-product-nav","17":"col","18":"span_1_of_3","19":"owp-content-center","20":"owp-thumbs-layout-horizontal","21":"owp-btn-normal","22":"owp-tabs-layout-horizontal"},"jetpack_sharing_enabled":true,"_links":{"self":[{"href":"https:\/\/www.creasylvie.fr\/index.php\/wp-json\/wp\/v2\/product\/466","targetHints":{"allow":["GET"]}}],"collection":[{"href":"https:\/\/www.creasylvie.fr\/index.php\/wp-json\/wp\/v2\/product"}],"about":[{"href":"https:\/\/www.creasylvie.fr\/index.php\/wp-json\/wp\/v2\/types\/product"}],"replies":[{"embeddable":true,"href":"https:\/\/www.creasylvie.fr\/index.php\/wp-json\/wp\/v2\/comments?post=466"}],"wp:featuredmedia":[{"embeddable":true,"href":"https:\/\/www.creasylvie.fr\/index.php\/wp-json\/wp\/v2\/media\/467"}],"wp:attachment":[{"href":"https:\/\/www.creasylvie.fr\/index.php\/wp-json\/wp\/v2\/media?parent=466"}],"wp:term":[{"taxonomy":"product_cat","embeddable":true,"href":"https:\/\/www.creasylvie.fr\/index.php\/wp-json\/wp\/v2\/product_cat?post=466"},{"taxonomy":"product_tag","embeddable":true,"href":"https:\/\/www.creasylvie.fr\/index.php\/wp-json\/wp\/v2\/product_tag?post=466"}],"curies":[{"name":"wp","href":"https:\/\/api.w.org\/{rel}","templated":true}]}}