{"id":416,"date":"2024-04-02T10:43:34","date_gmt":"2024-04-02T08:43:34","guid":{"rendered":"https:\/\/www.creasylvie.fr\/?post_type=product&#038;p=416"},"modified":"2024-04-02T10:43:34","modified_gmt":"2024-04-02T08:43:34","slug":"vase","status":"publish","type":"product","link":"https:\/\/www.creasylvie.fr\/index.php\/produit\/vase\/","title":{"rendered":"Vase"},"content":{"rendered":"<p>Petit vase en bois pour mettre des fleurs fra\u00eeches ou s\u00e9ch\u00e9s<br \/>\n12 cm de haut, 9 cm de diam\u00e8tre<\/p>\n","protected":false},"excerpt":{"rendered":"<p>Petit vase en bois pour mettre des fleurs fra\u00eeches ou s\u00e9ch\u00e9s 12 cm de haut, 9 cm de diam\u00e8tre<\/p>\n","protected":false},"featured_media":417,"comment_status":"open","ping_status":"closed","template":"","meta":[],"product_cat":[31],"product_tag":[],"class_list":{"0":"post-416","1":"product","2":"type-product","3":"status-publish","4":"has-post-thumbnail","6":"product_cat-champetre","8":"entry","9":"has-media","11":"first","12":"instock","13":"shipping-taxable","14":"purchasable","15":"product-type-simple","16":"has-product-nav","17":"col","18":"span_1_of_3","19":"owp-content-center","20":"owp-thumbs-layout-horizontal","21":"owp-btn-normal","22":"owp-tabs-layout-horizontal","23":"has-no-thumbnails"},"jetpack_sharing_enabled":true,"_links":{"self":[{"href":"https:\/\/www.creasylvie.fr\/index.php\/wp-json\/wp\/v2\/product\/416","targetHints":{"allow":["GET"]}}],"collection":[{"href":"https:\/\/www.creasylvie.fr\/index.php\/wp-json\/wp\/v2\/product"}],"about":[{"href":"https:\/\/www.creasylvie.fr\/index.php\/wp-json\/wp\/v2\/types\/product"}],"replies":[{"embeddable":true,"href":"https:\/\/www.creasylvie.fr\/index.php\/wp-json\/wp\/v2\/comments?post=416"}],"wp:featuredmedia":[{"embeddable":true,"href":"https:\/\/www.creasylvie.fr\/index.php\/wp-json\/wp\/v2\/media\/417"}],"wp:attachment":[{"href":"https:\/\/www.creasylvie.fr\/index.php\/wp-json\/wp\/v2\/media?parent=416"}],"wp:term":[{"taxonomy":"product_cat","embeddable":true,"href":"https:\/\/www.creasylvie.fr\/index.php\/wp-json\/wp\/v2\/product_cat?post=416"},{"taxonomy":"product_tag","embeddable":true,"href":"https:\/\/www.creasylvie.fr\/index.php\/wp-json\/wp\/v2\/product_tag?post=416"}],"curies":[{"name":"wp","href":"https:\/\/api.w.org\/{rel}","templated":true}]}}