{"id":407,"date":"2024-04-02T10:28:20","date_gmt":"2024-04-02T08:28:20","guid":{"rendered":"https:\/\/www.creasylvie.fr\/?post_type=product&#038;p=407"},"modified":"2024-04-02T10:28:21","modified_gmt":"2024-04-02T08:28:21","slug":"cercle-murale","status":"publish","type":"product","link":"https:\/\/www.creasylvie.fr\/index.php\/produit\/cercle-murale\/","title":{"rendered":"Cercle Murale"},"content":{"rendered":"<p><span style=\"font-weight: 400;\">\u00a0ficelles, fleurs s\u00e9ch\u00e9s et n\u0153ud en toile de jute<br \/>\n<\/span><span style=\"font-weight: 400;\">\u00a0La d\u00e9coration peut \u00eatre modifi\u00e9 selon vos go\u00fbt<br \/>\n<\/span><span style=\"font-weight: 400;\">\u00a0Mesure 20 cm de diam\u00e8tre<\/span><\/p>\n","protected":false},"excerpt":{"rendered":"<p>\u00a0ficelles, fleurs s\u00e9ch\u00e9s et n\u0153ud en toile de jute \u00a0La d\u00e9coration peut \u00eatre modifi\u00e9 selon vos go\u00fbt \u00a0Mesure 20 cm de diam\u00e8tre<\/p>\n","protected":false},"featured_media":408,"comment_status":"open","ping_status":"closed","template":"","meta":[],"product_cat":[31],"product_tag":[],"class_list":{"0":"post-407","1":"product","2":"type-product","3":"status-publish","4":"has-post-thumbnail","6":"product_cat-champetre","8":"entry","9":"has-media","11":"first","12":"instock","13":"shipping-taxable","14":"purchasable","15":"product-type-simple","16":"has-product-nav","17":"col","18":"span_1_of_3","19":"owp-content-center","20":"owp-thumbs-layout-horizontal","21":"owp-btn-normal","22":"owp-tabs-layout-horizontal","23":"has-no-thumbnails"},"jetpack_sharing_enabled":true,"_links":{"self":[{"href":"https:\/\/www.creasylvie.fr\/index.php\/wp-json\/wp\/v2\/product\/407","targetHints":{"allow":["GET"]}}],"collection":[{"href":"https:\/\/www.creasylvie.fr\/index.php\/wp-json\/wp\/v2\/product"}],"about":[{"href":"https:\/\/www.creasylvie.fr\/index.php\/wp-json\/wp\/v2\/types\/product"}],"replies":[{"embeddable":true,"href":"https:\/\/www.creasylvie.fr\/index.php\/wp-json\/wp\/v2\/comments?post=407"}],"wp:featuredmedia":[{"embeddable":true,"href":"https:\/\/www.creasylvie.fr\/index.php\/wp-json\/wp\/v2\/media\/408"}],"wp:attachment":[{"href":"https:\/\/www.creasylvie.fr\/index.php\/wp-json\/wp\/v2\/media?parent=407"}],"wp:term":[{"taxonomy":"product_cat","embeddable":true,"href":"https:\/\/www.creasylvie.fr\/index.php\/wp-json\/wp\/v2\/product_cat?post=407"},{"taxonomy":"product_tag","embeddable":true,"href":"https:\/\/www.creasylvie.fr\/index.php\/wp-json\/wp\/v2\/product_tag?post=407"}],"curies":[{"name":"wp","href":"https:\/\/api.w.org\/{rel}","templated":true}]}}