{"id":388,"date":"2024-04-02T09:43:30","date_gmt":"2024-04-02T07:43:30","guid":{"rendered":"https:\/\/www.creasylvie.fr\/?post_type=product&#038;p=388"},"modified":"2024-04-02T13:26:00","modified_gmt":"2024-04-02T11:26:00","slug":"388","status":"publish","type":"product","link":"https:\/\/www.creasylvie.fr\/index.php\/produit\/388\/","title":{"rendered":"Miroir Coquillages"},"content":{"rendered":"<p>&nbsp;<\/p>\n<p><span style=\"font-weight: 400;\">miroir murale cr\u00e9\u00e9 avec des coquillages,<br \/>\n<\/span><span style=\"font-weight: 400;\">du bois flott\u00e9, ainsi que de la corde<\/span><\/p>\n","protected":false},"excerpt":{"rendered":"<p>&nbsp; miroir murale cr\u00e9\u00e9 avec des coquillages, du bois flott\u00e9, ainsi que de la corde<\/p>\n","protected":false},"featured_media":389,"comment_status":"open","ping_status":"closed","template":"","meta":[],"product_cat":[32],"product_tag":[],"class_list":{"0":"post-388","1":"product","2":"type-product","3":"status-publish","4":"has-post-thumbnail","6":"product_cat-ete","8":"entry","9":"has-media","11":"first","12":"instock","13":"shipping-taxable","14":"purchasable","15":"product-type-simple","16":"has-product-nav","17":"col","18":"span_1_of_3","19":"owp-content-center","20":"owp-thumbs-layout-horizontal","21":"owp-btn-normal","22":"owp-tabs-layout-horizontal","23":"has-no-thumbnails"},"jetpack_sharing_enabled":true,"_links":{"self":[{"href":"https:\/\/www.creasylvie.fr\/index.php\/wp-json\/wp\/v2\/product\/388","targetHints":{"allow":["GET"]}}],"collection":[{"href":"https:\/\/www.creasylvie.fr\/index.php\/wp-json\/wp\/v2\/product"}],"about":[{"href":"https:\/\/www.creasylvie.fr\/index.php\/wp-json\/wp\/v2\/types\/product"}],"replies":[{"embeddable":true,"href":"https:\/\/www.creasylvie.fr\/index.php\/wp-json\/wp\/v2\/comments?post=388"}],"wp:featuredmedia":[{"embeddable":true,"href":"https:\/\/www.creasylvie.fr\/index.php\/wp-json\/wp\/v2\/media\/389"}],"wp:attachment":[{"href":"https:\/\/www.creasylvie.fr\/index.php\/wp-json\/wp\/v2\/media?parent=388"}],"wp:term":[{"taxonomy":"product_cat","embeddable":true,"href":"https:\/\/www.creasylvie.fr\/index.php\/wp-json\/wp\/v2\/product_cat?post=388"},{"taxonomy":"product_tag","embeddable":true,"href":"https:\/\/www.creasylvie.fr\/index.php\/wp-json\/wp\/v2\/product_tag?post=388"}],"curies":[{"name":"wp","href":"https:\/\/api.w.org\/{rel}","templated":true}]}}